{"id":7,"date":"2024-05-06T15:26:04","date_gmt":"2024-05-06T15:26:04","guid":{"rendered":"http:\/\/olioprimoamore.it\/index.php\/cart\/"},"modified":"2024-07-05T16:44:01","modified_gmt":"2024-07-05T14:44:01","slug":"carrello","status":"publish","type":"page","link":"https:\/\/www.olioprimoamore.it\/en\/carrello\/","title":{"rendered":"Carrello"},"content":{"rendered":"<div data-elementor-type=\"wp-page\" data-elementor-id=\"7\" class=\"elementor elementor-7\" data-elementor-post-type=\"page\">\n\t\t\t\t<div class=\"elementor-element elementor-element-7e23a86 e-flex e-con-boxed e-con e-parent\" data-id=\"7e23a86\" data-element_type=\"container\" data-e-type=\"container\">\n\t\t\t\t\t<div class=\"e-con-inner\">\n\t\t\t\t<div class=\"elementor-element elementor-element-dcdc447 elementor-widget elementor-widget-heading\" data-id=\"dcdc447\" data-element_type=\"widget\" data-e-type=\"widget\" data-widget_type=\"heading.default\">\n\t\t\t\t<div class=\"elementor-widget-container\">\n\t\t\t\t\t<h1 class=\"elementor-heading-title elementor-size-default\">Carrello<\/h1>\t\t\t\t<\/div>\n\t\t\t\t<\/div>\n\t\t\t\t\t<\/div>\n\t\t\t\t<\/div>\n\t\t<div class=\"elementor-element elementor-element-93d4ec6 e-flex e-con-boxed e-con e-parent\" data-id=\"93d4ec6\" data-element_type=\"container\" data-e-type=\"container\">\n\t\t\t\t\t<div class=\"e-con-inner\">\n\t\t<div class=\"elementor-element elementor-element-a185585 e-con-full e-flex e-con e-child\" data-id=\"a185585\" data-element_type=\"container\" data-e-type=\"container\" data-settings=\"{&quot;background_background&quot;:&quot;classic&quot;}\">\n\t\t\t\t<div class=\"elementor-element elementor-element-2bbc376 elementor-position-inline-start elementor-view-default elementor-mobile-position-block-start elementor-widget elementor-widget-icon-box\" data-id=\"2bbc376\" data-element_type=\"widget\" data-e-type=\"widget\" data-widget_type=\"icon-box.default\">\n\t\t\t\t<div class=\"elementor-widget-container\">\n\t\t\t\t\t\t\t<div class=\"elementor-icon-box-wrapper\">\n\n\t\t\t\t\t\t<div class=\"elementor-icon-box-icon\">\n\t\t\t\t<span  class=\"elementor-icon\">\n\t\t\t\t<svg aria-hidden=\"true\" class=\"e-font-icon-svg e-fas-info-circle\" viewbox=\"0 0 512 512\" xmlns=\"http:\/\/www.w3.org\/2000\/svg\"><path d=\"M256 8C119.043 8 8 119.083 8 256c0 136.997 111.043 248 248 248s248-111.003 248-248C504 119.083 392.957 8 256 8zm0 110c23.196 0 42 18.804 42 42s-18.804 42-42 42-42-18.804-42-42 18.804-42 42-42zm56 254c0 6.627-5.373 12-12 12h-88c-6.627 0-12-5.373-12-12v-24c0-6.627 5.373-12 12-12h12v-64h-12c-6.627 0-12-5.373-12-12v-24c0-6.627 5.373-12 12-12h64c6.627 0 12 5.373 12 12v100h12c6.627 0 12 5.373 12 12v24z\"><\/path><\/svg>\t\t\t\t<\/span>\n\t\t\t<\/div>\n\t\t\t\n\t\t\t\t\t\t<div class=\"elementor-icon-box-content\">\n\n\t\t\t\t\n\t\t\t\t\t\t\t\t\t<p class=\"elementor-icon-box-description\">\n\t\t\t\t\t\tPer spedizioni in Paesi extra-UE scrivi un email a <a href=\"mailto:info@olioprimoamore.it\">info@olioprimoamore.it<\/a>\t\t\t\t\t<\/p>\n\t\t\t\t\n\t\t\t<\/div>\n\t\t\t\n\t\t<\/div>\n\t\t\t\t\t\t<\/div>\n\t\t\t\t<\/div>\n\t\t\t\t<\/div>\n\t\t\t\t\t<\/div>\n\t\t\t\t<\/div>\n\t\t<div class=\"elementor-element elementor-element-eca3a74 e-flex e-con-boxed e-con e-parent\" data-id=\"eca3a74\" data-element_type=\"container\" data-e-type=\"container\">\n\t\t\t\t\t<div class=\"e-con-inner\">\n\t\t\t\t\t<\/div>\n\t\t\t\t<\/div>\n\t\t\t\t<\/div>","protected":false},"excerpt":{"rendered":"<p>Carrello Per spedizioni in Paesi extra-UE scrivi un email a info@olioprimoamore.it Rimuovi articolo Miniatura immagine Prodotto Prezzo Quantit\u00e0 Totale Prodotti &times; I.G.P. Sicilia &#8211; 750 ml 18,00&nbsp;&euro; I.G.P. Sicilia &#8211; 750 ml&nbsp; quantit\u00e0 18,00&nbsp;&euro; &times; ALMA &#8211; 500 ml 12,00&nbsp;&euro; ALMA &#8211; 500 ml&nbsp; quantit\u00e0 24,00&nbsp;&euro; Totale Carrello Totale Prodotti 42,00&nbsp;&euro; Spedizione Italia: 15,00&nbsp;&euro; Spedizione [&hellip;]<\/p>\n","protected":false},"author":9,"featured_media":0,"parent":0,"menu_order":1200,"comment_status":"closed","ping_status":"closed","template":"","meta":{"_acf_changed":false,"footnotes":""},"class_list":["post-7","page","type-page","status-publish","hentry"],"acf":[],"yoast_head":"<!-- This site is optimized with the Yoast SEO plugin v27.5 - https:\/\/yoast.com\/product\/yoast-seo-wordpress\/ -->\n<title>Carrello - Olio PrimoAmore<\/title>\n<meta name=\"robots\" content=\"index, follow, max-snippet:-1, max-image-preview:large, max-video-preview:-1\" \/>\n<link rel=\"canonical\" href=\"https:\/\/www.olioprimoamore.it\/en\/carrello\/\" \/>\n<meta property=\"og:locale\" content=\"en_GB\" \/>\n<meta property=\"og:type\" content=\"article\" \/>\n<meta property=\"og:title\" content=\"Carrello - Olio PrimoAmore\" \/>\n<meta property=\"og:description\" content=\"Carrello Per spedizioni in Paesi extra-UE scrivi un email a info@olioprimoamore.it Rimuovi articolo Miniatura immagine Prodotto Prezzo Quantit\u00e0 Totale Prodotti &times; I.G.P. Sicilia &#8211; 750 ml 18,00&nbsp;&euro; I.G.P. Sicilia &#8211; 750 ml&nbsp; quantit\u00e0 18,00&nbsp;&euro; &times; ALMA &#8211; 500 ml 12,00&nbsp;&euro; ALMA &#8211; 500 ml&nbsp; quantit\u00e0 24,00&nbsp;&euro; Totale Carrello Totale Prodotti 42,00&nbsp;&euro; Spedizione Italia: 15,00&nbsp;&euro; Spedizione [&hellip;]\" \/>\n<meta property=\"og:url\" content=\"https:\/\/www.olioprimoamore.it\/en\/carrello\/\" \/>\n<meta property=\"og:site_name\" content=\"Olio PrimoAmore\" \/>\n<meta property=\"article:publisher\" content=\"https:\/\/www.facebook.com\/olioprimoamore\/\" \/>\n<meta property=\"article:modified_time\" content=\"2024-07-05T14:44:01+00:00\" \/>\n<meta property=\"og:image\" content=\"http:\/\/olioprimoamore.it\/wp-content\/uploads\/2024\/06\/IGP-Sicilia-500ml-1.webp\" \/>\n<meta name=\"twitter:card\" content=\"summary_large_image\" \/>\n<meta name=\"twitter:label1\" content=\"Estimated reading time\" \/>\n\t<meta name=\"twitter:data1\" content=\"1 minute\" \/>\n<script type=\"application\/ld+json\" class=\"yoast-schema-graph\">{\"@context\":\"https:\\\/\\\/schema.org\",\"@graph\":[{\"@type\":\"WebPage\",\"@id\":\"https:\\\/\\\/www.olioprimoamore.it\\\/carrello\\\/\",\"url\":\"https:\\\/\\\/www.olioprimoamore.it\\\/carrello\\\/\",\"name\":\"Carrello - Olio PrimoAmore\",\"isPartOf\":{\"@id\":\"https:\\\/\\\/www.olioprimoamore.it\\\/#website\"},\"primaryImageOfPage\":{\"@id\":\"https:\\\/\\\/www.olioprimoamore.it\\\/carrello\\\/#primaryimage\"},\"image\":{\"@id\":\"https:\\\/\\\/www.olioprimoamore.it\\\/carrello\\\/#primaryimage\"},\"thumbnailUrl\":\"http:\\\/\\\/olioprimoamore.it\\\/wp-content\\\/uploads\\\/2024\\\/06\\\/IGP-Sicilia-500ml-1.webp\",\"datePublished\":\"2024-05-06T15:26:04+00:00\",\"dateModified\":\"2024-07-05T14:44:01+00:00\",\"breadcrumb\":{\"@id\":\"https:\\\/\\\/www.olioprimoamore.it\\\/carrello\\\/#breadcrumb\"},\"inLanguage\":\"en-GB\",\"potentialAction\":[{\"@type\":\"ReadAction\",\"target\":[\"https:\\\/\\\/www.olioprimoamore.it\\\/carrello\\\/\"]}]},{\"@type\":\"ImageObject\",\"inLanguage\":\"en-GB\",\"@id\":\"https:\\\/\\\/www.olioprimoamore.it\\\/carrello\\\/#primaryimage\",\"url\":\"http:\\\/\\\/olioprimoamore.it\\\/wp-content\\\/uploads\\\/2024\\\/06\\\/IGP-Sicilia-500ml-1.webp\",\"contentUrl\":\"http:\\\/\\\/olioprimoamore.it\\\/wp-content\\\/uploads\\\/2024\\\/06\\\/IGP-Sicilia-500ml-1.webp\"},{\"@type\":\"BreadcrumbList\",\"@id\":\"https:\\\/\\\/www.olioprimoamore.it\\\/carrello\\\/#breadcrumb\",\"itemListElement\":[{\"@type\":\"ListItem\",\"position\":1,\"name\":\"Home\",\"item\":\"https:\\\/\\\/www.olioprimoamore.it\\\/\"},{\"@type\":\"ListItem\",\"position\":2,\"name\":\"Carrello\"}]},{\"@type\":\"WebSite\",\"@id\":\"https:\\\/\\\/www.olioprimoamore.it\\\/#website\",\"url\":\"https:\\\/\\\/www.olioprimoamore.it\\\/\",\"name\":\"Olio PrimoAmore\",\"description\":\"Una storia iniziata nel 1942\",\"publisher\":{\"@id\":\"https:\\\/\\\/www.olioprimoamore.it\\\/#organization\"},\"potentialAction\":[{\"@type\":\"SearchAction\",\"target\":{\"@type\":\"EntryPoint\",\"urlTemplate\":\"https:\\\/\\\/www.olioprimoamore.it\\\/?s={search_term_string}\"},\"query-input\":{\"@type\":\"PropertyValueSpecification\",\"valueRequired\":true,\"valueName\":\"search_term_string\"}}],\"inLanguage\":\"en-GB\"},{\"@type\":\"Organization\",\"@id\":\"https:\\\/\\\/www.olioprimoamore.it\\\/#organization\",\"name\":\"Olio PrimoAmore\",\"url\":\"https:\\\/\\\/www.olioprimoamore.it\\\/\",\"logo\":{\"@type\":\"ImageObject\",\"inLanguage\":\"en-GB\",\"@id\":\"https:\\\/\\\/www.olioprimoamore.it\\\/#\\\/schema\\\/logo\\\/image\\\/\",\"url\":\"https:\\\/\\\/www.olioprimoamore.it\\\/wp-content\\\/uploads\\\/2024\\\/05\\\/cropped-olio-primoamore.png\",\"contentUrl\":\"https:\\\/\\\/www.olioprimoamore.it\\\/wp-content\\\/uploads\\\/2024\\\/05\\\/cropped-olio-primoamore.png\",\"width\":582,\"height\":321,\"caption\":\"Olio PrimoAmore\"},\"image\":{\"@id\":\"https:\\\/\\\/www.olioprimoamore.it\\\/#\\\/schema\\\/logo\\\/image\\\/\"},\"sameAs\":[\"https:\\\/\\\/www.facebook.com\\\/olioprimoamore\\\/\",\"https:\\\/\\\/www.instagram.com\\\/olioprimoamore\\\/\"],\"address\":{\"@type\":\"PostalAddress\",\"addressCountry\":\"IT\",\"addressRegion\":\"Sicilia\"},\"contactPoint\":{\"@type\":\"ContactPoint\",\"contactType\":\"customer support\",\"email\":\"dev@digitalmakers.media\",\"areaServed\":\"IT\",\"availableLanguage\":[\"Italian\",\"English\"]}}]}<\/script>\n<!-- \/ Yoast SEO plugin. -->","yoast_head_json":{"title":"Carrello - Olio PrimoAmore","robots":{"index":"index","follow":"follow","max-snippet":"max-snippet:-1","max-image-preview":"max-image-preview:large","max-video-preview":"max-video-preview:-1"},"canonical":"https:\/\/www.olioprimoamore.it\/en\/carrello\/","og_locale":"en_GB","og_type":"article","og_title":"Carrello - Olio PrimoAmore","og_description":"Carrello Per spedizioni in Paesi extra-UE scrivi un email a info@olioprimoamore.it Rimuovi articolo Miniatura immagine Prodotto Prezzo Quantit\u00e0 Totale Prodotti &times; I.G.P. Sicilia &#8211; 750 ml 18,00&nbsp;&euro; I.G.P. Sicilia &#8211; 750 ml&nbsp; quantit\u00e0 18,00&nbsp;&euro; &times; ALMA &#8211; 500 ml 12,00&nbsp;&euro; ALMA &#8211; 500 ml&nbsp; quantit\u00e0 24,00&nbsp;&euro; Totale Carrello Totale Prodotti 42,00&nbsp;&euro; Spedizione Italia: 15,00&nbsp;&euro; Spedizione [&hellip;]","og_url":"https:\/\/www.olioprimoamore.it\/en\/carrello\/","og_site_name":"Olio PrimoAmore","article_publisher":"https:\/\/www.facebook.com\/olioprimoamore\/","article_modified_time":"2024-07-05T14:44:01+00:00","og_image":[{"url":"http:\/\/olioprimoamore.it\/wp-content\/uploads\/2024\/06\/IGP-Sicilia-500ml-1.webp","type":"","width":"","height":""}],"twitter_card":"summary_large_image","twitter_misc":{"Estimated reading time":"1 minute"},"schema":{"@context":"https:\/\/schema.org","@graph":[{"@type":"WebPage","@id":"https:\/\/www.olioprimoamore.it\/carrello\/","url":"https:\/\/www.olioprimoamore.it\/carrello\/","name":"Carrello - Olio PrimoAmore","isPartOf":{"@id":"https:\/\/www.olioprimoamore.it\/#website"},"primaryImageOfPage":{"@id":"https:\/\/www.olioprimoamore.it\/carrello\/#primaryimage"},"image":{"@id":"https:\/\/www.olioprimoamore.it\/carrello\/#primaryimage"},"thumbnailUrl":"http:\/\/olioprimoamore.it\/wp-content\/uploads\/2024\/06\/IGP-Sicilia-500ml-1.webp","datePublished":"2024-05-06T15:26:04+00:00","dateModified":"2024-07-05T14:44:01+00:00","breadcrumb":{"@id":"https:\/\/www.olioprimoamore.it\/carrello\/#breadcrumb"},"inLanguage":"en-GB","potentialAction":[{"@type":"ReadAction","target":["https:\/\/www.olioprimoamore.it\/carrello\/"]}]},{"@type":"ImageObject","inLanguage":"en-GB","@id":"https:\/\/www.olioprimoamore.it\/carrello\/#primaryimage","url":"http:\/\/olioprimoamore.it\/wp-content\/uploads\/2024\/06\/IGP-Sicilia-500ml-1.webp","contentUrl":"http:\/\/olioprimoamore.it\/wp-content\/uploads\/2024\/06\/IGP-Sicilia-500ml-1.webp"},{"@type":"BreadcrumbList","@id":"https:\/\/www.olioprimoamore.it\/carrello\/#breadcrumb","itemListElement":[{"@type":"ListItem","position":1,"name":"Home","item":"https:\/\/www.olioprimoamore.it\/"},{"@type":"ListItem","position":2,"name":"Carrello"}]},{"@type":"WebSite","@id":"https:\/\/www.olioprimoamore.it\/#website","url":"https:\/\/www.olioprimoamore.it\/","name":"Olio PrimoAmore","description":"Una storia iniziata nel 1942","publisher":{"@id":"https:\/\/www.olioprimoamore.it\/#organization"},"potentialAction":[{"@type":"SearchAction","target":{"@type":"EntryPoint","urlTemplate":"https:\/\/www.olioprimoamore.it\/?s={search_term_string}"},"query-input":{"@type":"PropertyValueSpecification","valueRequired":true,"valueName":"search_term_string"}}],"inLanguage":"en-GB"},{"@type":"Organization","@id":"https:\/\/www.olioprimoamore.it\/#organization","name":"Olio PrimoAmore","url":"https:\/\/www.olioprimoamore.it\/","logo":{"@type":"ImageObject","inLanguage":"en-GB","@id":"https:\/\/www.olioprimoamore.it\/#\/schema\/logo\/image\/","url":"https:\/\/www.olioprimoamore.it\/wp-content\/uploads\/2024\/05\/cropped-olio-primoamore.png","contentUrl":"https:\/\/www.olioprimoamore.it\/wp-content\/uploads\/2024\/05\/cropped-olio-primoamore.png","width":582,"height":321,"caption":"Olio PrimoAmore"},"image":{"@id":"https:\/\/www.olioprimoamore.it\/#\/schema\/logo\/image\/"},"sameAs":["https:\/\/www.facebook.com\/olioprimoamore\/","https:\/\/www.instagram.com\/olioprimoamore\/"],"address":{"@type":"PostalAddress","addressCountry":"IT","addressRegion":"Sicilia"},"contactPoint":{"@type":"ContactPoint","contactType":"customer support","email":"dev@digitalmakers.media","areaServed":"IT","availableLanguage":["Italian","English"]}}]}},"_links":{"self":[{"href":"https:\/\/www.olioprimoamore.it\/en\/wp-json\/wp\/v2\/pages\/7","targetHints":{"allow":["GET"]}}],"collection":[{"href":"https:\/\/www.olioprimoamore.it\/en\/wp-json\/wp\/v2\/pages"}],"about":[{"href":"https:\/\/www.olioprimoamore.it\/en\/wp-json\/wp\/v2\/types\/page"}],"author":[{"embeddable":true,"href":"https:\/\/www.olioprimoamore.it\/en\/wp-json\/wp\/v2\/users\/9"}],"replies":[{"embeddable":true,"href":"https:\/\/www.olioprimoamore.it\/en\/wp-json\/wp\/v2\/comments?post=7"}],"version-history":[{"count":0,"href":"https:\/\/www.olioprimoamore.it\/en\/wp-json\/wp\/v2\/pages\/7\/revisions"}],"wp:attachment":[{"href":"https:\/\/www.olioprimoamore.it\/en\/wp-json\/wp\/v2\/media?parent=7"}],"curies":[{"name":"wp","href":"https:\/\/api.w.org\/{rel}","templated":true}]}}