{"id":4230,"date":"2024-06-17T12:29:59","date_gmt":"2024-06-17T10:29:59","guid":{"rendered":"https:\/\/olioprimoamore.it\/?post_type=product&#038;p=4230"},"modified":"2024-08-30T15:54:32","modified_gmt":"2024-08-30T13:54:32","slug":"box-primo-aroma","status":"publish","type":"product","link":"https:\/\/www.olioprimoamore.it\/en\/shop\/box\/box-primo-aroma\/","title":{"rendered":"First Aroma"},"content":{"rendered":"","protected":false},"excerpt":{"rendered":"<p>La box Primo Aroma contiene una variet\u00e0 di oli extravergine di oliva aromatizzati, creati con ingredienti naturali e di alta qualit\u00e0. Ogni bottiglia \u00e8 un&#8217;esperienza sensoriale unica, che permette di sperimentare diversi profili di sapore.<\/p>\n<p>La box contiene:<\/p>\n<ul>\n<li>2 Bottiglie di Aromatizzato al limone &#8211; 250ml<\/li>\n<li>2 Bottiglie di Aromatizzato al peperoncino &#8211; 250ml<\/li>\n<li>2 Bottiglie di Aromatizzato al tartufo bianco &#8211; 250ml<\/li>\n<\/ul>","protected":false},"featured_media":5760,"template":"","meta":{"_acf_changed":false},"accostamento_opa":[102,104,103,107],"product_brand":[],"product_cat":[100],"product_tag":[229],"class_list":{"0":"post-4230","1":"product","2":"type-product","3":"status-publish","4":"has-post-thumbnail","6":"accostamento_opa-carne","7":"accostamento_opa-insalate","8":"accostamento_opa-pesce","9":"accostamento_opa-verdure","10":"product_cat-box","11":"product_tag-box","13":"first","14":"instock","15":"featured","16":"taxable","17":"shipping-taxable","18":"purchasable","19":"product-type-simple"},"acf":[],"yoast_head":"<!-- This site is optimized with the Yoast SEO plugin v27.5 - https:\/\/yoast.com\/product\/yoast-seo-wordpress\/ -->\n<title>Primo Aroma - Olio PrimoAmore<\/title>\n<meta name=\"description\" content=\"La box Primo Aroma contiene una variet\u00e0 di oli extravergine di oliva aromatizzati, creati con ingredienti naturali e di alta qualit\u00e0.\" \/>\n<meta name=\"robots\" content=\"index, follow, max-snippet:-1, max-image-preview:large, max-video-preview:-1\" \/>\n<link rel=\"canonical\" href=\"https:\/\/www.olioprimoamore.it\/en\/shop\/box\/box-primo-aroma\/\" \/>\n<meta property=\"og:locale\" content=\"en_GB\" \/>\n<meta property=\"og:type\" content=\"article\" \/>\n<meta property=\"og:title\" content=\"Primo Aroma - Olio PrimoAmore\" \/>\n<meta property=\"og:description\" content=\"La box Primo Aroma contiene una variet\u00e0 di oli extravergine di oliva aromatizzati, creati con ingredienti naturali e di alta qualit\u00e0.\" \/>\n<meta property=\"og:url\" content=\"https:\/\/www.olioprimoamore.it\/en\/shop\/box\/box-primo-aroma\/\" \/>\n<meta property=\"og:site_name\" content=\"Olio PrimoAmore\" \/>\n<meta property=\"article:publisher\" content=\"https:\/\/www.facebook.com\/olioprimoamore\/\" \/>\n<meta property=\"article:modified_time\" content=\"2024-08-30T13:54:32+00:00\" \/>\n<meta property=\"og:image\" content=\"https:\/\/www.olioprimoamore.it\/wp-content\/uploads\/2024\/06\/box_primo_aroma__4x-scaled.webp\" \/>\n\t<meta property=\"og:image:width\" content=\"1659\" \/>\n\t<meta property=\"og:image:height\" content=\"2560\" \/>\n\t<meta property=\"og:image:type\" content=\"image\/webp\" \/>\n<meta name=\"twitter:card\" content=\"summary_large_image\" \/>\n<meta name=\"twitter:label1\" content=\"Estimated reading time\" \/>\n\t<meta name=\"twitter:data1\" content=\"1 minute\" \/>\n<script type=\"application\/ld+json\" class=\"yoast-schema-graph\">{\"@context\":\"https:\\\/\\\/schema.org\",\"@graph\":[{\"@type\":[\"WebPage\",\"ItemPage\"],\"@id\":\"https:\\\/\\\/www.olioprimoamore.it\\\/shop\\\/box\\\/box-primo-aroma\\\/\",\"url\":\"https:\\\/\\\/www.olioprimoamore.it\\\/shop\\\/box\\\/box-primo-aroma\\\/\",\"name\":\"Primo Aroma - Olio PrimoAmore\",\"isPartOf\":{\"@id\":\"https:\\\/\\\/www.olioprimoamore.it\\\/#website\"},\"primaryImageOfPage\":{\"@id\":\"https:\\\/\\\/www.olioprimoamore.it\\\/shop\\\/box\\\/box-primo-aroma\\\/#primaryimage\"},\"image\":{\"@id\":\"https:\\\/\\\/www.olioprimoamore.it\\\/shop\\\/box\\\/box-primo-aroma\\\/#primaryimage\"},\"thumbnailUrl\":\"https:\\\/\\\/www.olioprimoamore.it\\\/wp-content\\\/uploads\\\/2024\\\/06\\\/box_primo_aroma__4x-scaled.webp\",\"datePublished\":\"2024-06-17T10:29:59+00:00\",\"dateModified\":\"2024-08-30T13:54:32+00:00\",\"description\":\"La box Primo Aroma contiene una variet\u00e0 di oli extravergine di oliva aromatizzati, creati con ingredienti naturali e di alta qualit\u00e0.\",\"breadcrumb\":{\"@id\":\"https:\\\/\\\/www.olioprimoamore.it\\\/shop\\\/box\\\/box-primo-aroma\\\/#breadcrumb\"},\"inLanguage\":\"en-GB\",\"potentialAction\":[{\"@type\":\"ReadAction\",\"target\":[\"https:\\\/\\\/www.olioprimoamore.it\\\/shop\\\/box\\\/box-primo-aroma\\\/\"]}]},{\"@type\":\"ImageObject\",\"inLanguage\":\"en-GB\",\"@id\":\"https:\\\/\\\/www.olioprimoamore.it\\\/shop\\\/box\\\/box-primo-aroma\\\/#primaryimage\",\"url\":\"https:\\\/\\\/www.olioprimoamore.it\\\/wp-content\\\/uploads\\\/2024\\\/06\\\/box_primo_aroma__4x-scaled.webp\",\"contentUrl\":\"https:\\\/\\\/www.olioprimoamore.it\\\/wp-content\\\/uploads\\\/2024\\\/06\\\/box_primo_aroma__4x-scaled.webp\",\"width\":1659,\"height\":2560},{\"@type\":\"BreadcrumbList\",\"@id\":\"https:\\\/\\\/www.olioprimoamore.it\\\/shop\\\/box\\\/box-primo-aroma\\\/#breadcrumb\",\"itemListElement\":[{\"@type\":\"ListItem\",\"position\":1,\"name\":\"Home\",\"item\":\"https:\\\/\\\/www.olioprimoamore.it\\\/\"},{\"@type\":\"ListItem\",\"position\":2,\"name\":\"Shop\",\"item\":\"https:\\\/\\\/www.olioprimoamore.it\\\/shop\\\/\"},{\"@type\":\"ListItem\",\"position\":3,\"name\":\"Primo Aroma\"}]},{\"@type\":\"WebSite\",\"@id\":\"https:\\\/\\\/www.olioprimoamore.it\\\/#website\",\"url\":\"https:\\\/\\\/www.olioprimoamore.it\\\/\",\"name\":\"Olio PrimoAmore\",\"description\":\"Una storia iniziata nel 1942\",\"publisher\":{\"@id\":\"https:\\\/\\\/www.olioprimoamore.it\\\/#organization\"},\"potentialAction\":[{\"@type\":\"SearchAction\",\"target\":{\"@type\":\"EntryPoint\",\"urlTemplate\":\"https:\\\/\\\/www.olioprimoamore.it\\\/?s={search_term_string}\"},\"query-input\":{\"@type\":\"PropertyValueSpecification\",\"valueRequired\":true,\"valueName\":\"search_term_string\"}}],\"inLanguage\":\"en-GB\"},{\"@type\":\"Organization\",\"@id\":\"https:\\\/\\\/www.olioprimoamore.it\\\/#organization\",\"name\":\"Olio PrimoAmore\",\"url\":\"https:\\\/\\\/www.olioprimoamore.it\\\/\",\"logo\":{\"@type\":\"ImageObject\",\"inLanguage\":\"en-GB\",\"@id\":\"https:\\\/\\\/www.olioprimoamore.it\\\/#\\\/schema\\\/logo\\\/image\\\/\",\"url\":\"https:\\\/\\\/www.olioprimoamore.it\\\/wp-content\\\/uploads\\\/2024\\\/05\\\/cropped-olio-primoamore.png\",\"contentUrl\":\"https:\\\/\\\/www.olioprimoamore.it\\\/wp-content\\\/uploads\\\/2024\\\/05\\\/cropped-olio-primoamore.png\",\"width\":582,\"height\":321,\"caption\":\"Olio PrimoAmore\"},\"image\":{\"@id\":\"https:\\\/\\\/www.olioprimoamore.it\\\/#\\\/schema\\\/logo\\\/image\\\/\"},\"sameAs\":[\"https:\\\/\\\/www.facebook.com\\\/olioprimoamore\\\/\",\"https:\\\/\\\/www.instagram.com\\\/olioprimoamore\\\/\"],\"address\":{\"@type\":\"PostalAddress\",\"addressCountry\":\"IT\",\"addressRegion\":\"Sicilia\"},\"contactPoint\":{\"@type\":\"ContactPoint\",\"contactType\":\"customer support\",\"email\":\"dev@digitalmakers.media\",\"areaServed\":\"IT\",\"availableLanguage\":[\"Italian\",\"English\"]}}]}<\/script>\n<!-- \/ Yoast SEO plugin. -->","yoast_head_json":{"title":"Primo Aroma - Olio PrimoAmore","description":"La box Primo Aroma contiene una variet\u00e0 di oli extravergine di oliva aromatizzati, creati con ingredienti naturali e di alta qualit\u00e0.","robots":{"index":"index","follow":"follow","max-snippet":"max-snippet:-1","max-image-preview":"max-image-preview:large","max-video-preview":"max-video-preview:-1"},"canonical":"https:\/\/www.olioprimoamore.it\/en\/shop\/box\/box-primo-aroma\/","og_locale":"en_GB","og_type":"article","og_title":"Primo Aroma - Olio PrimoAmore","og_description":"La box Primo Aroma contiene una variet\u00e0 di oli extravergine di oliva aromatizzati, creati con ingredienti naturali e di alta qualit\u00e0.","og_url":"https:\/\/www.olioprimoamore.it\/en\/shop\/box\/box-primo-aroma\/","og_site_name":"Olio PrimoAmore","article_publisher":"https:\/\/www.facebook.com\/olioprimoamore\/","article_modified_time":"2024-08-30T13:54:32+00:00","og_image":[{"width":1659,"height":2560,"url":"https:\/\/www.olioprimoamore.it\/wp-content\/uploads\/2024\/06\/box_primo_aroma__4x-scaled.webp","type":"image\/webp"}],"twitter_card":"summary_large_image","twitter_misc":{"Estimated reading time":"1 minute"},"schema":{"@context":"https:\/\/schema.org","@graph":[{"@type":["WebPage","ItemPage"],"@id":"https:\/\/www.olioprimoamore.it\/shop\/box\/box-primo-aroma\/","url":"https:\/\/www.olioprimoamore.it\/shop\/box\/box-primo-aroma\/","name":"Primo Aroma - Olio PrimoAmore","isPartOf":{"@id":"https:\/\/www.olioprimoamore.it\/#website"},"primaryImageOfPage":{"@id":"https:\/\/www.olioprimoamore.it\/shop\/box\/box-primo-aroma\/#primaryimage"},"image":{"@id":"https:\/\/www.olioprimoamore.it\/shop\/box\/box-primo-aroma\/#primaryimage"},"thumbnailUrl":"https:\/\/www.olioprimoamore.it\/wp-content\/uploads\/2024\/06\/box_primo_aroma__4x-scaled.webp","datePublished":"2024-06-17T10:29:59+00:00","dateModified":"2024-08-30T13:54:32+00:00","description":"La box Primo Aroma contiene una variet\u00e0 di oli extravergine di oliva aromatizzati, creati con ingredienti naturali e di alta qualit\u00e0.","breadcrumb":{"@id":"https:\/\/www.olioprimoamore.it\/shop\/box\/box-primo-aroma\/#breadcrumb"},"inLanguage":"en-GB","potentialAction":[{"@type":"ReadAction","target":["https:\/\/www.olioprimoamore.it\/shop\/box\/box-primo-aroma\/"]}]},{"@type":"ImageObject","inLanguage":"en-GB","@id":"https:\/\/www.olioprimoamore.it\/shop\/box\/box-primo-aroma\/#primaryimage","url":"https:\/\/www.olioprimoamore.it\/wp-content\/uploads\/2024\/06\/box_primo_aroma__4x-scaled.webp","contentUrl":"https:\/\/www.olioprimoamore.it\/wp-content\/uploads\/2024\/06\/box_primo_aroma__4x-scaled.webp","width":1659,"height":2560},{"@type":"BreadcrumbList","@id":"https:\/\/www.olioprimoamore.it\/shop\/box\/box-primo-aroma\/#breadcrumb","itemListElement":[{"@type":"ListItem","position":1,"name":"Home","item":"https:\/\/www.olioprimoamore.it\/"},{"@type":"ListItem","position":2,"name":"Shop","item":"https:\/\/www.olioprimoamore.it\/shop\/"},{"@type":"ListItem","position":3,"name":"Primo Aroma"}]},{"@type":"WebSite","@id":"https:\/\/www.olioprimoamore.it\/#website","url":"https:\/\/www.olioprimoamore.it\/","name":"Olio PrimoAmore","description":"Una storia iniziata nel 1942","publisher":{"@id":"https:\/\/www.olioprimoamore.it\/#organization"},"potentialAction":[{"@type":"SearchAction","target":{"@type":"EntryPoint","urlTemplate":"https:\/\/www.olioprimoamore.it\/?s={search_term_string}"},"query-input":{"@type":"PropertyValueSpecification","valueRequired":true,"valueName":"search_term_string"}}],"inLanguage":"en-GB"},{"@type":"Organization","@id":"https:\/\/www.olioprimoamore.it\/#organization","name":"Olio PrimoAmore","url":"https:\/\/www.olioprimoamore.it\/","logo":{"@type":"ImageObject","inLanguage":"en-GB","@id":"https:\/\/www.olioprimoamore.it\/#\/schema\/logo\/image\/","url":"https:\/\/www.olioprimoamore.it\/wp-content\/uploads\/2024\/05\/cropped-olio-primoamore.png","contentUrl":"https:\/\/www.olioprimoamore.it\/wp-content\/uploads\/2024\/05\/cropped-olio-primoamore.png","width":582,"height":321,"caption":"Olio PrimoAmore"},"image":{"@id":"https:\/\/www.olioprimoamore.it\/#\/schema\/logo\/image\/"},"sameAs":["https:\/\/www.facebook.com\/olioprimoamore\/","https:\/\/www.instagram.com\/olioprimoamore\/"],"address":{"@type":"PostalAddress","addressCountry":"IT","addressRegion":"Sicilia"},"contactPoint":{"@type":"ContactPoint","contactType":"customer support","email":"dev@digitalmakers.media","areaServed":"IT","availableLanguage":["Italian","English"]}}]}},"_links":{"self":[{"href":"https:\/\/www.olioprimoamore.it\/en\/wp-json\/wp\/v2\/product\/4230","targetHints":{"allow":["GET"]}}],"collection":[{"href":"https:\/\/www.olioprimoamore.it\/en\/wp-json\/wp\/v2\/product"}],"about":[{"href":"https:\/\/www.olioprimoamore.it\/en\/wp-json\/wp\/v2\/types\/product"}],"version-history":[{"count":0,"href":"https:\/\/www.olioprimoamore.it\/en\/wp-json\/wp\/v2\/product\/4230\/revisions"}],"wp:featuredmedia":[{"embeddable":true,"href":"https:\/\/www.olioprimoamore.it\/en\/wp-json\/wp\/v2\/media\/5760"}],"wp:attachment":[{"href":"https:\/\/www.olioprimoamore.it\/en\/wp-json\/wp\/v2\/media?parent=4230"}],"wp:term":[{"taxonomy":"accostamento_opa","embeddable":true,"href":"https:\/\/www.olioprimoamore.it\/en\/wp-json\/wp\/v2\/accostamento_opa?post=4230"},{"taxonomy":"product_brand","embeddable":true,"href":"https:\/\/www.olioprimoamore.it\/en\/wp-json\/wp\/v2\/product_brand?post=4230"},{"taxonomy":"product_cat","embeddable":true,"href":"https:\/\/www.olioprimoamore.it\/en\/wp-json\/wp\/v2\/product_cat?post=4230"},{"taxonomy":"product_tag","embeddable":true,"href":"https:\/\/www.olioprimoamore.it\/en\/wp-json\/wp\/v2\/product_tag?post=4230"}],"curies":[{"name":"wp","href":"https:\/\/api.w.org\/{rel}","templated":true}]}}