{"id":4277,"date":"2024-06-17T15:32:05","date_gmt":"2024-06-17T13:32:05","guid":{"rendered":"https:\/\/olioprimoamore.it\/?post_type=product&#038;p=4277"},"modified":"2026-05-05T15:20:27","modified_gmt":"2026-05-05T13:20:27","slug":"pate-di-olive-verdi-e-mandorle","status":"publish","type":"product","link":"https:\/\/www.olioprimoamore.it\/en\/shop\/creme-e-pate\/pate-di-olive-verdi-e-mandorle\/","title":{"rendered":"Pat\u00e8 of green olives and almonds"},"content":{"rendered":"<p>Ideal as an appetizer, spread on crostini or bruschettas, but also as a condiment for salads, pasta, or as an accompaniment to white meats and fresh cheeses.<\/p>","protected":false},"excerpt":{"rendered":"<p>Green olive and almond p\u00e2t\u00e9 is a culinary specialty that combines the intensity of green olives with the sweetness of almonds. This unique blend creates a harmonious flavor and a pleasantly creamy texture, perfect for enhancing a variety of dishes and appetizers.<\/p>","protected":false},"featured_media":4394,"template":"","meta":{"_acf_changed":false},"accostamento_opa":[],"product_brand":[],"product_cat":[96],"product_tag":[228],"class_list":{"0":"post-4277","1":"product","2":"type-product","3":"status-publish","4":"has-post-thumbnail","6":"product_cat-creme-e-pate","7":"product_tag-creme-e-pate","9":"first","10":"outofstock","11":"featured","12":"taxable","13":"shipping-taxable","14":"purchasable","15":"product-type-variable","16":"has-default-attributes"},"acf":[],"yoast_head":"<!-- This site is optimized with the Yoast SEO plugin v27.5 - https:\/\/yoast.com\/product\/yoast-seo-wordpress\/ -->\n<title>Pat\u00e8 di olive verdi e mandorle - Olio PrimoAmore<\/title>\n<meta name=\"description\" content=\"Il pat\u00e8 di olive verdi e mandorle \u00e8 una specialit\u00e0 culinaria che unisce l\u2019intensit\u00e0 delle olive verdi con la dolcezza delle mandorle.\" \/>\n<meta name=\"robots\" content=\"index, follow, max-snippet:-1, max-image-preview:large, max-video-preview:-1\" \/>\n<link rel=\"canonical\" href=\"https:\/\/www.olioprimoamore.it\/en\/shop\/creme-e-pate\/pate-di-olive-verdi-e-mandorle\/\" \/>\n<meta property=\"og:locale\" content=\"en_GB\" \/>\n<meta property=\"og:type\" content=\"article\" \/>\n<meta property=\"og:title\" content=\"Pat\u00e8 di olive verdi e mandorle - Olio PrimoAmore\" \/>\n<meta property=\"og:description\" content=\"Il pat\u00e8 di olive verdi e mandorle \u00e8 una specialit\u00e0 culinaria che unisce l\u2019intensit\u00e0 delle olive verdi con la dolcezza delle mandorle.\" \/>\n<meta property=\"og:url\" content=\"https:\/\/www.olioprimoamore.it\/en\/shop\/creme-e-pate\/pate-di-olive-verdi-e-mandorle\/\" \/>\n<meta property=\"og:site_name\" content=\"Olio PrimoAmore\" \/>\n<meta property=\"article:publisher\" content=\"https:\/\/www.facebook.com\/olioprimoamore\/\" \/>\n<meta property=\"article:modified_time\" content=\"2026-05-05T13:20:27+00:00\" \/>\n<meta property=\"og:image\" content=\"https:\/\/www.olioprimoamore.it\/wp-content\/uploads\/2024\/06\/pate-olive-verdi-manderle-722x1024.png\" \/>\n\t<meta property=\"og:image:width\" content=\"722\" \/>\n\t<meta property=\"og:image:height\" content=\"1024\" \/>\n\t<meta property=\"og:image:type\" content=\"image\/png\" \/>\n<meta name=\"twitter:card\" content=\"summary_large_image\" \/>\n<meta name=\"twitter:label1\" content=\"Estimated reading time\" \/>\n\t<meta name=\"twitter:data1\" content=\"1 minute\" \/>\n<script type=\"application\/ld+json\" class=\"yoast-schema-graph\">{\"@context\":\"https:\\\/\\\/schema.org\",\"@graph\":[{\"@type\":[\"WebPage\",\"ItemPage\"],\"@id\":\"https:\\\/\\\/www.olioprimoamore.it\\\/shop\\\/creme-e-pate\\\/pate-di-olive-verdi-e-mandorle\\\/\",\"url\":\"https:\\\/\\\/www.olioprimoamore.it\\\/shop\\\/creme-e-pate\\\/pate-di-olive-verdi-e-mandorle\\\/\",\"name\":\"Pat\u00e8 di olive verdi e mandorle - Olio PrimoAmore\",\"isPartOf\":{\"@id\":\"https:\\\/\\\/www.olioprimoamore.it\\\/#website\"},\"primaryImageOfPage\":{\"@id\":\"https:\\\/\\\/www.olioprimoamore.it\\\/shop\\\/creme-e-pate\\\/pate-di-olive-verdi-e-mandorle\\\/#primaryimage\"},\"image\":{\"@id\":\"https:\\\/\\\/www.olioprimoamore.it\\\/shop\\\/creme-e-pate\\\/pate-di-olive-verdi-e-mandorle\\\/#primaryimage\"},\"thumbnailUrl\":\"https:\\\/\\\/www.olioprimoamore.it\\\/wp-content\\\/uploads\\\/2024\\\/06\\\/pate-olive-verdi-manderle.png\",\"datePublished\":\"2024-06-17T13:32:05+00:00\",\"dateModified\":\"2026-05-05T13:20:27+00:00\",\"description\":\"Il pat\u00e8 di olive verdi e mandorle \u00e8 una specialit\u00e0 culinaria che unisce l\u2019intensit\u00e0 delle olive verdi con la dolcezza delle mandorle.\",\"breadcrumb\":{\"@id\":\"https:\\\/\\\/www.olioprimoamore.it\\\/shop\\\/creme-e-pate\\\/pate-di-olive-verdi-e-mandorle\\\/#breadcrumb\"},\"inLanguage\":\"en-GB\",\"potentialAction\":[{\"@type\":\"ReadAction\",\"target\":[\"https:\\\/\\\/www.olioprimoamore.it\\\/shop\\\/creme-e-pate\\\/pate-di-olive-verdi-e-mandorle\\\/\"]}]},{\"@type\":\"ImageObject\",\"inLanguage\":\"en-GB\",\"@id\":\"https:\\\/\\\/www.olioprimoamore.it\\\/shop\\\/creme-e-pate\\\/pate-di-olive-verdi-e-mandorle\\\/#primaryimage\",\"url\":\"https:\\\/\\\/www.olioprimoamore.it\\\/wp-content\\\/uploads\\\/2024\\\/06\\\/pate-olive-verdi-manderle.png\",\"contentUrl\":\"https:\\\/\\\/www.olioprimoamore.it\\\/wp-content\\\/uploads\\\/2024\\\/06\\\/pate-olive-verdi-manderle.png\",\"width\":1411,\"height\":2000},{\"@type\":\"BreadcrumbList\",\"@id\":\"https:\\\/\\\/www.olioprimoamore.it\\\/shop\\\/creme-e-pate\\\/pate-di-olive-verdi-e-mandorle\\\/#breadcrumb\",\"itemListElement\":[{\"@type\":\"ListItem\",\"position\":1,\"name\":\"Home\",\"item\":\"https:\\\/\\\/www.olioprimoamore.it\\\/\"},{\"@type\":\"ListItem\",\"position\":2,\"name\":\"Shop\",\"item\":\"https:\\\/\\\/www.olioprimoamore.it\\\/shop\\\/\"},{\"@type\":\"ListItem\",\"position\":3,\"name\":\"Pat\u00e8 di olive verdi e mandorle\"}]},{\"@type\":\"WebSite\",\"@id\":\"https:\\\/\\\/www.olioprimoamore.it\\\/#website\",\"url\":\"https:\\\/\\\/www.olioprimoamore.it\\\/\",\"name\":\"Olio PrimoAmore\",\"description\":\"Una storia iniziata nel 1942\",\"publisher\":{\"@id\":\"https:\\\/\\\/www.olioprimoamore.it\\\/#organization\"},\"potentialAction\":[{\"@type\":\"SearchAction\",\"target\":{\"@type\":\"EntryPoint\",\"urlTemplate\":\"https:\\\/\\\/www.olioprimoamore.it\\\/?s={search_term_string}\"},\"query-input\":{\"@type\":\"PropertyValueSpecification\",\"valueRequired\":true,\"valueName\":\"search_term_string\"}}],\"inLanguage\":\"en-GB\"},{\"@type\":\"Organization\",\"@id\":\"https:\\\/\\\/www.olioprimoamore.it\\\/#organization\",\"name\":\"Olio PrimoAmore\",\"url\":\"https:\\\/\\\/www.olioprimoamore.it\\\/\",\"logo\":{\"@type\":\"ImageObject\",\"inLanguage\":\"en-GB\",\"@id\":\"https:\\\/\\\/www.olioprimoamore.it\\\/#\\\/schema\\\/logo\\\/image\\\/\",\"url\":\"https:\\\/\\\/www.olioprimoamore.it\\\/wp-content\\\/uploads\\\/2024\\\/05\\\/cropped-olio-primoamore.png\",\"contentUrl\":\"https:\\\/\\\/www.olioprimoamore.it\\\/wp-content\\\/uploads\\\/2024\\\/05\\\/cropped-olio-primoamore.png\",\"width\":582,\"height\":321,\"caption\":\"Olio PrimoAmore\"},\"image\":{\"@id\":\"https:\\\/\\\/www.olioprimoamore.it\\\/#\\\/schema\\\/logo\\\/image\\\/\"},\"sameAs\":[\"https:\\\/\\\/www.facebook.com\\\/olioprimoamore\\\/\",\"https:\\\/\\\/www.instagram.com\\\/olioprimoamore\\\/\"],\"address\":{\"@type\":\"PostalAddress\",\"addressCountry\":\"IT\",\"addressRegion\":\"Sicilia\"},\"contactPoint\":{\"@type\":\"ContactPoint\",\"contactType\":\"customer support\",\"email\":\"dev@digitalmakers.media\",\"areaServed\":\"IT\",\"availableLanguage\":[\"Italian\",\"English\"]}}]}<\/script>\n<!-- \/ Yoast SEO plugin. -->","yoast_head_json":{"title":"Pat\u00e8 di olive verdi e mandorle - Olio PrimoAmore","description":"Il pat\u00e8 di olive verdi e mandorle \u00e8 una specialit\u00e0 culinaria che unisce l\u2019intensit\u00e0 delle olive verdi con la dolcezza delle mandorle.","robots":{"index":"index","follow":"follow","max-snippet":"max-snippet:-1","max-image-preview":"max-image-preview:large","max-video-preview":"max-video-preview:-1"},"canonical":"https:\/\/www.olioprimoamore.it\/en\/shop\/creme-e-pate\/pate-di-olive-verdi-e-mandorle\/","og_locale":"en_GB","og_type":"article","og_title":"Pat\u00e8 di olive verdi e mandorle - Olio PrimoAmore","og_description":"Il pat\u00e8 di olive verdi e mandorle \u00e8 una specialit\u00e0 culinaria che unisce l\u2019intensit\u00e0 delle olive verdi con la dolcezza delle mandorle.","og_url":"https:\/\/www.olioprimoamore.it\/en\/shop\/creme-e-pate\/pate-di-olive-verdi-e-mandorle\/","og_site_name":"Olio PrimoAmore","article_publisher":"https:\/\/www.facebook.com\/olioprimoamore\/","article_modified_time":"2026-05-05T13:20:27+00:00","og_image":[{"width":722,"height":1024,"url":"https:\/\/www.olioprimoamore.it\/wp-content\/uploads\/2024\/06\/pate-olive-verdi-manderle-722x1024.png","type":"image\/png"}],"twitter_card":"summary_large_image","twitter_misc":{"Estimated reading time":"1 minute"},"schema":{"@context":"https:\/\/schema.org","@graph":[{"@type":["WebPage","ItemPage"],"@id":"https:\/\/www.olioprimoamore.it\/shop\/creme-e-pate\/pate-di-olive-verdi-e-mandorle\/","url":"https:\/\/www.olioprimoamore.it\/shop\/creme-e-pate\/pate-di-olive-verdi-e-mandorle\/","name":"Pat\u00e8 di olive verdi e mandorle - Olio PrimoAmore","isPartOf":{"@id":"https:\/\/www.olioprimoamore.it\/#website"},"primaryImageOfPage":{"@id":"https:\/\/www.olioprimoamore.it\/shop\/creme-e-pate\/pate-di-olive-verdi-e-mandorle\/#primaryimage"},"image":{"@id":"https:\/\/www.olioprimoamore.it\/shop\/creme-e-pate\/pate-di-olive-verdi-e-mandorle\/#primaryimage"},"thumbnailUrl":"https:\/\/www.olioprimoamore.it\/wp-content\/uploads\/2024\/06\/pate-olive-verdi-manderle.png","datePublished":"2024-06-17T13:32:05+00:00","dateModified":"2026-05-05T13:20:27+00:00","description":"Il pat\u00e8 di olive verdi e mandorle \u00e8 una specialit\u00e0 culinaria che unisce l\u2019intensit\u00e0 delle olive verdi con la dolcezza delle mandorle.","breadcrumb":{"@id":"https:\/\/www.olioprimoamore.it\/shop\/creme-e-pate\/pate-di-olive-verdi-e-mandorle\/#breadcrumb"},"inLanguage":"en-GB","potentialAction":[{"@type":"ReadAction","target":["https:\/\/www.olioprimoamore.it\/shop\/creme-e-pate\/pate-di-olive-verdi-e-mandorle\/"]}]},{"@type":"ImageObject","inLanguage":"en-GB","@id":"https:\/\/www.olioprimoamore.it\/shop\/creme-e-pate\/pate-di-olive-verdi-e-mandorle\/#primaryimage","url":"https:\/\/www.olioprimoamore.it\/wp-content\/uploads\/2024\/06\/pate-olive-verdi-manderle.png","contentUrl":"https:\/\/www.olioprimoamore.it\/wp-content\/uploads\/2024\/06\/pate-olive-verdi-manderle.png","width":1411,"height":2000},{"@type":"BreadcrumbList","@id":"https:\/\/www.olioprimoamore.it\/shop\/creme-e-pate\/pate-di-olive-verdi-e-mandorle\/#breadcrumb","itemListElement":[{"@type":"ListItem","position":1,"name":"Home","item":"https:\/\/www.olioprimoamore.it\/"},{"@type":"ListItem","position":2,"name":"Shop","item":"https:\/\/www.olioprimoamore.it\/shop\/"},{"@type":"ListItem","position":3,"name":"Pat\u00e8 di olive verdi e mandorle"}]},{"@type":"WebSite","@id":"https:\/\/www.olioprimoamore.it\/#website","url":"https:\/\/www.olioprimoamore.it\/","name":"Olio PrimoAmore","description":"Una storia iniziata nel 1942","publisher":{"@id":"https:\/\/www.olioprimoamore.it\/#organization"},"potentialAction":[{"@type":"SearchAction","target":{"@type":"EntryPoint","urlTemplate":"https:\/\/www.olioprimoamore.it\/?s={search_term_string}"},"query-input":{"@type":"PropertyValueSpecification","valueRequired":true,"valueName":"search_term_string"}}],"inLanguage":"en-GB"},{"@type":"Organization","@id":"https:\/\/www.olioprimoamore.it\/#organization","name":"Olio PrimoAmore","url":"https:\/\/www.olioprimoamore.it\/","logo":{"@type":"ImageObject","inLanguage":"en-GB","@id":"https:\/\/www.olioprimoamore.it\/#\/schema\/logo\/image\/","url":"https:\/\/www.olioprimoamore.it\/wp-content\/uploads\/2024\/05\/cropped-olio-primoamore.png","contentUrl":"https:\/\/www.olioprimoamore.it\/wp-content\/uploads\/2024\/05\/cropped-olio-primoamore.png","width":582,"height":321,"caption":"Olio PrimoAmore"},"image":{"@id":"https:\/\/www.olioprimoamore.it\/#\/schema\/logo\/image\/"},"sameAs":["https:\/\/www.facebook.com\/olioprimoamore\/","https:\/\/www.instagram.com\/olioprimoamore\/"],"address":{"@type":"PostalAddress","addressCountry":"IT","addressRegion":"Sicilia"},"contactPoint":{"@type":"ContactPoint","contactType":"customer support","email":"dev@digitalmakers.media","areaServed":"IT","availableLanguage":["Italian","English"]}}]}},"_links":{"self":[{"href":"https:\/\/www.olioprimoamore.it\/en\/wp-json\/wp\/v2\/product\/4277","targetHints":{"allow":["GET"]}}],"collection":[{"href":"https:\/\/www.olioprimoamore.it\/en\/wp-json\/wp\/v2\/product"}],"about":[{"href":"https:\/\/www.olioprimoamore.it\/en\/wp-json\/wp\/v2\/types\/product"}],"version-history":[{"count":0,"href":"https:\/\/www.olioprimoamore.it\/en\/wp-json\/wp\/v2\/product\/4277\/revisions"}],"wp:featuredmedia":[{"embeddable":true,"href":"https:\/\/www.olioprimoamore.it\/en\/wp-json\/wp\/v2\/media\/4394"}],"wp:attachment":[{"href":"https:\/\/www.olioprimoamore.it\/en\/wp-json\/wp\/v2\/media?parent=4277"}],"wp:term":[{"taxonomy":"accostamento_opa","embeddable":true,"href":"https:\/\/www.olioprimoamore.it\/en\/wp-json\/wp\/v2\/accostamento_opa?post=4277"},{"taxonomy":"product_brand","embeddable":true,"href":"https:\/\/www.olioprimoamore.it\/en\/wp-json\/wp\/v2\/product_brand?post=4277"},{"taxonomy":"product_cat","embeddable":true,"href":"https:\/\/www.olioprimoamore.it\/en\/wp-json\/wp\/v2\/product_cat?post=4277"},{"taxonomy":"product_tag","embeddable":true,"href":"https:\/\/www.olioprimoamore.it\/en\/wp-json\/wp\/v2\/product_tag?post=4277"}],"curies":[{"name":"wp","href":"https:\/\/api.w.org\/{rel}","templated":true}]}}