{"id":6671,"date":"2024-06-18T10:28:53","date_gmt":"2024-06-18T08:28:53","guid":{"rendered":"https:\/\/olioprimoamore.it\/?post_type=product&#038;p=6671"},"modified":"2024-11-07T07:28:07","modified_gmt":"2024-11-07T06:28:07","slug":"salsa-di-pomodoro-datterino","status":"publish","type":"product","link":"https:\/\/www.olioprimoamore.it\/en\/shop\/salse\/salsa-di-pomodoro-datterino\/","title":{"rendered":"Datterino tomato sauce"},"content":{"rendered":"<p>Ready-made sauce based on datterino tomatoes, ideal for dressing pasta, preparing refined sauces, accompanying meats and fish, or as a base for gourmet pizzas and bruschettas.<\/p>","protected":false},"excerpt":{"rendered":"<p>La salsa di pomodoro datterino da 330 g \u00e8 un prodotto di alta qualit\u00e0, realizzato con i migliori pomodori. Questa salsa, pensata per i palati pi\u00f9 esigenti, \u00e8 pronta all&#8217;uso e perfetta per arricchire i tuoi piatti con un sapore intenso e autentico.<\/p>\n<p>Pomodoro datterino (97%), olio extravergine di oliva, carota, zucchero, sale, basilico, cipolla, sedano.<\/p>","protected":false},"featured_media":6673,"template":"","meta":{"_acf_changed":false},"accostamento_opa":[102,106,103,107],"product_brand":[],"product_cat":[95],"product_tag":[225],"class_list":{"0":"post-6671","1":"product","2":"type-product","3":"status-publish","4":"has-post-thumbnail","6":"accostamento_opa-carne","7":"accostamento_opa-legumi","8":"accostamento_opa-pesce","9":"accostamento_opa-verdure","10":"product_cat-salse","11":"product_tag-salse","13":"first","14":"instock","15":"featured","16":"taxable","17":"shipping-taxable","18":"purchasable","19":"product-type-variable","20":"has-default-attributes"},"acf":[],"yoast_head":"<!-- This site is optimized with the Yoast SEO plugin v27.5 - https:\/\/yoast.com\/product\/yoast-seo-wordpress\/ -->\n<title>Salsa di pomodoro datterino - Olio PrimoAmore<\/title>\n<meta name=\"description\" content=\"Salsa di pomodoro datterino: pensata per i palati pi\u00f9 esigenti, \u00e8 pronta all&#039;uso e perfetta per arricchire i tuoi piatti con un sapore intenso e autentico.\" \/>\n<meta name=\"robots\" content=\"index, follow, max-snippet:-1, max-image-preview:large, max-video-preview:-1\" \/>\n<link rel=\"canonical\" href=\"https:\/\/www.olioprimoamore.it\/en\/shop\/salse\/salsa-di-pomodoro-datterino\/\" \/>\n<meta property=\"og:locale\" content=\"en_GB\" \/>\n<meta property=\"og:type\" content=\"article\" \/>\n<meta property=\"og:title\" content=\"Salsa di pomodoro datterino - Olio PrimoAmore\" \/>\n<meta property=\"og:description\" content=\"Salsa di pomodoro datterino: pensata per i palati pi\u00f9 esigenti, \u00e8 pronta all&#039;uso e perfetta per arricchire i tuoi piatti con un sapore intenso e autentico.\" \/>\n<meta property=\"og:url\" content=\"https:\/\/www.olioprimoamore.it\/en\/shop\/salse\/salsa-di-pomodoro-datterino\/\" \/>\n<meta property=\"og:site_name\" content=\"Olio PrimoAmore\" \/>\n<meta property=\"article:publisher\" content=\"https:\/\/www.facebook.com\/olioprimoamore\/\" \/>\n<meta property=\"article:modified_time\" content=\"2024-11-07T06:28:07+00:00\" \/>\n<meta property=\"og:image\" content=\"https:\/\/www.olioprimoamore.it\/wp-content\/uploads\/2024\/07\/salsa-pronta-di-pomodoro-datterino.webp\" \/>\n\t<meta property=\"og:image:width\" content=\"572\" \/>\n\t<meta property=\"og:image:height\" content=\"1517\" \/>\n\t<meta property=\"og:image:type\" content=\"image\/webp\" \/>\n<meta name=\"twitter:card\" content=\"summary_large_image\" \/>\n<meta name=\"twitter:label1\" content=\"Estimated reading time\" \/>\n\t<meta name=\"twitter:data1\" content=\"1 minute\" \/>\n<script type=\"application\/ld+json\" class=\"yoast-schema-graph\">{\"@context\":\"https:\\\/\\\/schema.org\",\"@graph\":[{\"@type\":[\"WebPage\",\"ItemPage\"],\"@id\":\"https:\\\/\\\/www.olioprimoamore.it\\\/shop\\\/salse\\\/salsa-di-pomodoro-datterino\\\/\",\"url\":\"https:\\\/\\\/www.olioprimoamore.it\\\/shop\\\/salse\\\/salsa-di-pomodoro-datterino\\\/\",\"name\":\"Salsa di pomodoro datterino - Olio PrimoAmore\",\"isPartOf\":{\"@id\":\"https:\\\/\\\/www.olioprimoamore.it\\\/#website\"},\"primaryImageOfPage\":{\"@id\":\"https:\\\/\\\/www.olioprimoamore.it\\\/shop\\\/salse\\\/salsa-di-pomodoro-datterino\\\/#primaryimage\"},\"image\":{\"@id\":\"https:\\\/\\\/www.olioprimoamore.it\\\/shop\\\/salse\\\/salsa-di-pomodoro-datterino\\\/#primaryimage\"},\"thumbnailUrl\":\"https:\\\/\\\/www.olioprimoamore.it\\\/wp-content\\\/uploads\\\/2024\\\/07\\\/salsa-pronta-di-pomodoro-datterino.webp\",\"datePublished\":\"2024-06-18T08:28:53+00:00\",\"dateModified\":\"2024-11-07T06:28:07+00:00\",\"description\":\"Salsa di pomodoro datterino: pensata per i palati pi\u00f9 esigenti, \u00e8 pronta all'uso e perfetta per arricchire i tuoi piatti con un sapore intenso e autentico.\",\"breadcrumb\":{\"@id\":\"https:\\\/\\\/www.olioprimoamore.it\\\/shop\\\/salse\\\/salsa-di-pomodoro-datterino\\\/#breadcrumb\"},\"inLanguage\":\"en-GB\",\"potentialAction\":[{\"@type\":\"ReadAction\",\"target\":[\"https:\\\/\\\/www.olioprimoamore.it\\\/shop\\\/salse\\\/salsa-di-pomodoro-datterino\\\/\"]}]},{\"@type\":\"ImageObject\",\"inLanguage\":\"en-GB\",\"@id\":\"https:\\\/\\\/www.olioprimoamore.it\\\/shop\\\/salse\\\/salsa-di-pomodoro-datterino\\\/#primaryimage\",\"url\":\"https:\\\/\\\/www.olioprimoamore.it\\\/wp-content\\\/uploads\\\/2024\\\/07\\\/salsa-pronta-di-pomodoro-datterino.webp\",\"contentUrl\":\"https:\\\/\\\/www.olioprimoamore.it\\\/wp-content\\\/uploads\\\/2024\\\/07\\\/salsa-pronta-di-pomodoro-datterino.webp\",\"width\":572,\"height\":1517},{\"@type\":\"BreadcrumbList\",\"@id\":\"https:\\\/\\\/www.olioprimoamore.it\\\/shop\\\/salse\\\/salsa-di-pomodoro-datterino\\\/#breadcrumb\",\"itemListElement\":[{\"@type\":\"ListItem\",\"position\":1,\"name\":\"Home\",\"item\":\"https:\\\/\\\/www.olioprimoamore.it\\\/\"},{\"@type\":\"ListItem\",\"position\":2,\"name\":\"Shop\",\"item\":\"https:\\\/\\\/www.olioprimoamore.it\\\/shop\\\/\"},{\"@type\":\"ListItem\",\"position\":3,\"name\":\"Salsa di pomodoro datterino\"}]},{\"@type\":\"WebSite\",\"@id\":\"https:\\\/\\\/www.olioprimoamore.it\\\/#website\",\"url\":\"https:\\\/\\\/www.olioprimoamore.it\\\/\",\"name\":\"Olio PrimoAmore\",\"description\":\"Una storia iniziata nel 1942\",\"publisher\":{\"@id\":\"https:\\\/\\\/www.olioprimoamore.it\\\/#organization\"},\"potentialAction\":[{\"@type\":\"SearchAction\",\"target\":{\"@type\":\"EntryPoint\",\"urlTemplate\":\"https:\\\/\\\/www.olioprimoamore.it\\\/?s={search_term_string}\"},\"query-input\":{\"@type\":\"PropertyValueSpecification\",\"valueRequired\":true,\"valueName\":\"search_term_string\"}}],\"inLanguage\":\"en-GB\"},{\"@type\":\"Organization\",\"@id\":\"https:\\\/\\\/www.olioprimoamore.it\\\/#organization\",\"name\":\"Olio PrimoAmore\",\"url\":\"https:\\\/\\\/www.olioprimoamore.it\\\/\",\"logo\":{\"@type\":\"ImageObject\",\"inLanguage\":\"en-GB\",\"@id\":\"https:\\\/\\\/www.olioprimoamore.it\\\/#\\\/schema\\\/logo\\\/image\\\/\",\"url\":\"https:\\\/\\\/www.olioprimoamore.it\\\/wp-content\\\/uploads\\\/2024\\\/05\\\/cropped-olio-primoamore.png\",\"contentUrl\":\"https:\\\/\\\/www.olioprimoamore.it\\\/wp-content\\\/uploads\\\/2024\\\/05\\\/cropped-olio-primoamore.png\",\"width\":582,\"height\":321,\"caption\":\"Olio PrimoAmore\"},\"image\":{\"@id\":\"https:\\\/\\\/www.olioprimoamore.it\\\/#\\\/schema\\\/logo\\\/image\\\/\"},\"sameAs\":[\"https:\\\/\\\/www.facebook.com\\\/olioprimoamore\\\/\",\"https:\\\/\\\/www.instagram.com\\\/olioprimoamore\\\/\"],\"address\":{\"@type\":\"PostalAddress\",\"addressCountry\":\"IT\",\"addressRegion\":\"Sicilia\"},\"contactPoint\":{\"@type\":\"ContactPoint\",\"contactType\":\"customer support\",\"email\":\"dev@digitalmakers.media\",\"areaServed\":\"IT\",\"availableLanguage\":[\"Italian\",\"English\"]}}]}<\/script>\n<!-- \/ Yoast SEO plugin. -->","yoast_head_json":{"title":"Salsa di pomodoro datterino - Olio PrimoAmore","description":"Salsa di pomodoro datterino: pensata per i palati pi\u00f9 esigenti, \u00e8 pronta all'uso e perfetta per arricchire i tuoi piatti con un sapore intenso e autentico.","robots":{"index":"index","follow":"follow","max-snippet":"max-snippet:-1","max-image-preview":"max-image-preview:large","max-video-preview":"max-video-preview:-1"},"canonical":"https:\/\/www.olioprimoamore.it\/en\/shop\/salse\/salsa-di-pomodoro-datterino\/","og_locale":"en_GB","og_type":"article","og_title":"Salsa di pomodoro datterino - Olio PrimoAmore","og_description":"Salsa di pomodoro datterino: pensata per i palati pi\u00f9 esigenti, \u00e8 pronta all'uso e perfetta per arricchire i tuoi piatti con un sapore intenso e autentico.","og_url":"https:\/\/www.olioprimoamore.it\/en\/shop\/salse\/salsa-di-pomodoro-datterino\/","og_site_name":"Olio PrimoAmore","article_publisher":"https:\/\/www.facebook.com\/olioprimoamore\/","article_modified_time":"2024-11-07T06:28:07+00:00","og_image":[{"width":572,"height":1517,"url":"https:\/\/www.olioprimoamore.it\/wp-content\/uploads\/2024\/07\/salsa-pronta-di-pomodoro-datterino.webp","type":"image\/webp"}],"twitter_card":"summary_large_image","twitter_misc":{"Estimated reading time":"1 minute"},"schema":{"@context":"https:\/\/schema.org","@graph":[{"@type":["WebPage","ItemPage"],"@id":"https:\/\/www.olioprimoamore.it\/shop\/salse\/salsa-di-pomodoro-datterino\/","url":"https:\/\/www.olioprimoamore.it\/shop\/salse\/salsa-di-pomodoro-datterino\/","name":"Salsa di pomodoro datterino - Olio PrimoAmore","isPartOf":{"@id":"https:\/\/www.olioprimoamore.it\/#website"},"primaryImageOfPage":{"@id":"https:\/\/www.olioprimoamore.it\/shop\/salse\/salsa-di-pomodoro-datterino\/#primaryimage"},"image":{"@id":"https:\/\/www.olioprimoamore.it\/shop\/salse\/salsa-di-pomodoro-datterino\/#primaryimage"},"thumbnailUrl":"https:\/\/www.olioprimoamore.it\/wp-content\/uploads\/2024\/07\/salsa-pronta-di-pomodoro-datterino.webp","datePublished":"2024-06-18T08:28:53+00:00","dateModified":"2024-11-07T06:28:07+00:00","description":"Salsa di pomodoro datterino: pensata per i palati pi\u00f9 esigenti, \u00e8 pronta all'uso e perfetta per arricchire i tuoi piatti con un sapore intenso e autentico.","breadcrumb":{"@id":"https:\/\/www.olioprimoamore.it\/shop\/salse\/salsa-di-pomodoro-datterino\/#breadcrumb"},"inLanguage":"en-GB","potentialAction":[{"@type":"ReadAction","target":["https:\/\/www.olioprimoamore.it\/shop\/salse\/salsa-di-pomodoro-datterino\/"]}]},{"@type":"ImageObject","inLanguage":"en-GB","@id":"https:\/\/www.olioprimoamore.it\/shop\/salse\/salsa-di-pomodoro-datterino\/#primaryimage","url":"https:\/\/www.olioprimoamore.it\/wp-content\/uploads\/2024\/07\/salsa-pronta-di-pomodoro-datterino.webp","contentUrl":"https:\/\/www.olioprimoamore.it\/wp-content\/uploads\/2024\/07\/salsa-pronta-di-pomodoro-datterino.webp","width":572,"height":1517},{"@type":"BreadcrumbList","@id":"https:\/\/www.olioprimoamore.it\/shop\/salse\/salsa-di-pomodoro-datterino\/#breadcrumb","itemListElement":[{"@type":"ListItem","position":1,"name":"Home","item":"https:\/\/www.olioprimoamore.it\/"},{"@type":"ListItem","position":2,"name":"Shop","item":"https:\/\/www.olioprimoamore.it\/shop\/"},{"@type":"ListItem","position":3,"name":"Salsa di pomodoro datterino"}]},{"@type":"WebSite","@id":"https:\/\/www.olioprimoamore.it\/#website","url":"https:\/\/www.olioprimoamore.it\/","name":"Olio PrimoAmore","description":"Una storia iniziata nel 1942","publisher":{"@id":"https:\/\/www.olioprimoamore.it\/#organization"},"potentialAction":[{"@type":"SearchAction","target":{"@type":"EntryPoint","urlTemplate":"https:\/\/www.olioprimoamore.it\/?s={search_term_string}"},"query-input":{"@type":"PropertyValueSpecification","valueRequired":true,"valueName":"search_term_string"}}],"inLanguage":"en-GB"},{"@type":"Organization","@id":"https:\/\/www.olioprimoamore.it\/#organization","name":"Olio PrimoAmore","url":"https:\/\/www.olioprimoamore.it\/","logo":{"@type":"ImageObject","inLanguage":"en-GB","@id":"https:\/\/www.olioprimoamore.it\/#\/schema\/logo\/image\/","url":"https:\/\/www.olioprimoamore.it\/wp-content\/uploads\/2024\/05\/cropped-olio-primoamore.png","contentUrl":"https:\/\/www.olioprimoamore.it\/wp-content\/uploads\/2024\/05\/cropped-olio-primoamore.png","width":582,"height":321,"caption":"Olio PrimoAmore"},"image":{"@id":"https:\/\/www.olioprimoamore.it\/#\/schema\/logo\/image\/"},"sameAs":["https:\/\/www.facebook.com\/olioprimoamore\/","https:\/\/www.instagram.com\/olioprimoamore\/"],"address":{"@type":"PostalAddress","addressCountry":"IT","addressRegion":"Sicilia"},"contactPoint":{"@type":"ContactPoint","contactType":"customer support","email":"dev@digitalmakers.media","areaServed":"IT","availableLanguage":["Italian","English"]}}]}},"_links":{"self":[{"href":"https:\/\/www.olioprimoamore.it\/en\/wp-json\/wp\/v2\/product\/6671","targetHints":{"allow":["GET"]}}],"collection":[{"href":"https:\/\/www.olioprimoamore.it\/en\/wp-json\/wp\/v2\/product"}],"about":[{"href":"https:\/\/www.olioprimoamore.it\/en\/wp-json\/wp\/v2\/types\/product"}],"version-history":[{"count":0,"href":"https:\/\/www.olioprimoamore.it\/en\/wp-json\/wp\/v2\/product\/6671\/revisions"}],"wp:featuredmedia":[{"embeddable":true,"href":"https:\/\/www.olioprimoamore.it\/en\/wp-json\/wp\/v2\/media\/6673"}],"wp:attachment":[{"href":"https:\/\/www.olioprimoamore.it\/en\/wp-json\/wp\/v2\/media?parent=6671"}],"wp:term":[{"taxonomy":"accostamento_opa","embeddable":true,"href":"https:\/\/www.olioprimoamore.it\/en\/wp-json\/wp\/v2\/accostamento_opa?post=6671"},{"taxonomy":"product_brand","embeddable":true,"href":"https:\/\/www.olioprimoamore.it\/en\/wp-json\/wp\/v2\/product_brand?post=6671"},{"taxonomy":"product_cat","embeddable":true,"href":"https:\/\/www.olioprimoamore.it\/en\/wp-json\/wp\/v2\/product_cat?post=6671"},{"taxonomy":"product_tag","embeddable":true,"href":"https:\/\/www.olioprimoamore.it\/en\/wp-json\/wp\/v2\/product_tag?post=6671"}],"curies":[{"name":"wp","href":"https:\/\/api.w.org\/{rel}","templated":true}]}}